{"id":78,"date":"2024-12-08T09:07:20","date_gmt":"2024-12-08T08:07:20","guid":{"rendered":"https:\/\/pvpcraft.fr\/?page_id=78"},"modified":"2025-02-01T17:30:59","modified_gmt":"2025-02-01T16:30:59","slug":"le-site-de-pvpcraft","status":"publish","type":"page","link":"https:\/\/pvpcraft.fr\/","title":{"rendered":"Le site de PvPCraft"},"content":{"rendered":"\n<div class=\"wp-block-buttons is-layout-flex wp-block-buttons-is-layout-flex\">\n<div class=\"wp-block-button is-style-fill\"><a class=\"wp-block-button__link wp-element-button\">accueil<\/a><\/div>\n\n\n\n<div class=\"wp-block-button is-style-fill\"><a class=\"wp-block-button__link has-text-align-center wp-element-button\" href=\"https:\/\/pvpcraft-shop.tebex.io\"><strong>boutique<\/strong><\/a><\/div>\n\n\n\n<div class=\"wp-block-button is-style-fill\"><a class=\"wp-block-button__link wp-element-button\" href=\"https:\/\/pvpcraft.fr\/?page_id=2\"><strong>wiki<\/strong><\/a><\/div>\n<\/div>\n\n\n\n<p class=\"has-luminous-vivid-amber-to-luminous-vivid-orange-gradient-background has-background\">ce serveur<strong> comp\u00e9titif<\/strong> bas\u00e9 sur le <strong>PVPBOX<\/strong> ayant un style de<strong> pvp unique<\/strong><\/p>\n\n\n\n<figure class=\"wp-block-image size-large\"><img loading=\"lazy\" decoding=\"async\" width=\"1024\" height=\"576\" src=\"https:\/\/pvpcraft.fr\/wp-content\/uploads\/2024\/10\/2024-10-02_18.40.03-1024x576.png\" alt=\"\" class=\"wp-image-67\" srcset=\"https:\/\/pvpcraft.fr\/wp-content\/uploads\/2024\/10\/2024-10-02_18.40.03-1024x576.png 1024w, https:\/\/pvpcraft.fr\/wp-content\/uploads\/2024\/10\/2024-10-02_18.40.03-300x169.png 300w, https:\/\/pvpcraft.fr\/wp-content\/uploads\/2024\/10\/2024-10-02_18.40.03-768x432.png 768w, https:\/\/pvpcraft.fr\/wp-content\/uploads\/2024\/10\/2024-10-02_18.40.03-1536x864.png 1536w, https:\/\/pvpcraft.fr\/wp-content\/uploads\/2024\/10\/2024-10-02_18.40.03.png 1920w\" sizes=\"auto, (max-width: 1024px) 100vw, 1024px\" \/><\/figure>\n\n\n\n<p>Bienvenue sur le site officiel de PvPcraft ! PvPcraft est un serveur Minecraft bas\u00e9 sur le pvp. Nous proposons des ar\u00e8nes disponibles aux joueur souhaitant s\u2019entra\u00eener, progresser, r\u00e9ussir des qu\u00eates et, le plus important, se divertir. De diff\u00e9rent kit se proposerons \u00e0 vous pour choisir votre \u00e9quipement avant le combat. D&rsquo;autres activit\u00e9s sont propos\u00e9es tel que des sauts avec pour r\u00e9compense un cosm\u00e9tique unique sur le serveur. <\/p>\n\n\n\n<p><\/p>\n","protected":false},"excerpt":{"rendered":"<p>ce serveur comp\u00e9titif bas\u00e9 sur le PVPBOX ayant un style de pvp unique Bienvenue sur le site officiel de PvPcraft ! PvPcraft est un serveur Minecraft bas\u00e9 sur le pvp. Nous proposons des ar\u00e8nes disponibles aux joueur souhaitant s\u2019entra\u00eener, progresser, r\u00e9ussir des qu\u00eates et, le plus important, se divertir. De diff\u00e9rent kit se proposerons \u00e0 [&hellip;]<\/p>\n","protected":false},"author":2,"featured_media":0,"parent":0,"menu_order":0,"comment_status":"closed","ping_status":"closed","template":"","meta":{"footnotes":""},"class_list":["post-78","page","type-page","status-publish","hentry"],"_links":{"self":[{"href":"https:\/\/pvpcraft.fr\/index.php?rest_route=\/wp\/v2\/pages\/78","targetHints":{"allow":["GET"]}}],"collection":[{"href":"https:\/\/pvpcraft.fr\/index.php?rest_route=\/wp\/v2\/pages"}],"about":[{"href":"https:\/\/pvpcraft.fr\/index.php?rest_route=\/wp\/v2\/types\/page"}],"author":[{"embeddable":true,"href":"https:\/\/pvpcraft.fr\/index.php?rest_route=\/wp\/v2\/users\/2"}],"replies":[{"embeddable":true,"href":"https:\/\/pvpcraft.fr\/index.php?rest_route=%2Fwp%2Fv2%2Fcomments&post=78"}],"version-history":[{"count":9,"href":"https:\/\/pvpcraft.fr\/index.php?rest_route=\/wp\/v2\/pages\/78\/revisions"}],"predecessor-version":[{"id":115,"href":"https:\/\/pvpcraft.fr\/index.php?rest_route=\/wp\/v2\/pages\/78\/revisions\/115"}],"wp:attachment":[{"href":"https:\/\/pvpcraft.fr\/index.php?rest_route=%2Fwp%2Fv2%2Fmedia&parent=78"}],"curies":[{"name":"wp","href":"https:\/\/api.w.org\/{rel}","templated":true}]}}